{"id":116,"date":"2025-02-24T14:33:21","date_gmt":"2025-02-24T13:33:21","guid":{"rendered":"https:\/\/www.heartside.fr\/?page_id=116"},"modified":"2025-03-19T11:34:27","modified_gmt":"2025-03-19T10:34:27","slug":"histoire","status":"publish","type":"page","link":"https:\/\/www.heartside.fr\/index.php\/histoire\/","title":{"rendered":"Histoire"},"content":{"rendered":"\n<p>Avant l&#8217;int\u00e9gration d&#8217;Intelligences Artificielles dans un monde virtuel (web3).<\/p>\n\n\n\n<div style=\"height:19px\" aria-hidden=\"true\" class=\"wp-block-spacer\"><\/div>\n\n\n\n<div class=\"wp-block-group alignfull has-accent-background-color has-background has-global-padding is-layout-constrained wp-container-core-group-is-layout-669513ed wp-block-group-is-layout-constrained\" style=\"margin-top:0;margin-bottom:0;padding-top:var(--wp--preset--spacing--50);padding-right:var(--wp--preset--spacing--50);padding-bottom:var(--wp--preset--spacing--50);padding-left:var(--wp--preset--spacing--50)\">\n<div class=\"wp-block-columns alignwide is-layout-flex wp-container-core-columns-is-layout-1da03c2a wp-block-columns-is-layout-flex\">\n<div class=\"wp-block-column is-vertically-aligned-stretch is-layout-flow wp-block-column-is-layout-flow\" style=\"flex-basis:50%\">\n<div class=\"wp-block-group is-vertical is-content-justification-stretch is-layout-flex wp-container-core-group-is-layout-444d5ee8 wp-block-group-is-layout-flex\" style=\"min-height:100%\">\n<p class=\"has-heading-font-family has-x-large-font-size\" style=\"line-height:1.2\">Exposition(s). <\/p>\n\n\n\n<p class=\"has-heading-font-family has-x-large-font-size\" style=\"line-height:1.2\">L&#8217;ATELIER CAPIFRANCE (BORDEAUX)- 03-07\/2020<\/p>\n\n\n\n<div class=\"wp-block-group has-global-padding is-content-justification-left is-layout-constrained wp-container-core-group-is-layout-9fe8ed88 wp-block-group-is-layout-constrained\">\n<p class=\"wp-container-content-0733e5d0\">Nous avons d\u00e9cor\u00e9 ce lieu en assortissant les couleurs de nos cr\u00e9ations artistiques aux couleurs du mobilier ainsi des \u00e9l\u00e9ments d\u00e9coratifs.<\/p>\n\n\n\n<div class=\"wp-block-buttons is-layout-flex wp-block-buttons-is-layout-flex\">\n<div class=\"wp-block-button\"><a class=\"wp-block-button__link wp-element-button\">A propos de nous<\/a><\/div>\n<\/div>\n<\/div>\n<\/div>\n<\/div>\n\n\n\n<div class=\"wp-block-column is-vertically-aligned-center is-layout-flow wp-block-column-is-layout-flow\" style=\"flex-basis:50%\">\n<figure class=\"wp-block-image size-full is-style-rounded is-style-rounded--1\"><img loading=\"lazy\" decoding=\"async\" width=\"1024\" height=\"576\" src=\"https:\/\/www.heartside.fr\/wp-content\/uploads\/2025\/02\/20200729_104454.webp\" alt=\"\" class=\"wp-image-118\" style=\"aspect-ratio:3\/4;object-fit:cover\" srcset=\"https:\/\/www.heartside.fr\/wp-content\/uploads\/2025\/02\/20200729_104454.webp 1024w, https:\/\/www.heartside.fr\/wp-content\/uploads\/2025\/02\/20200729_104454-300x169.webp 300w, https:\/\/www.heartside.fr\/wp-content\/uploads\/2025\/02\/20200729_104454-768x432.webp 768w\" sizes=\"auto, (max-width: 1024px) 100vw, 1024px\" \/><\/figure>\n<\/div>\n<\/div>\n\n\n\n<div class=\"wp-block-columns is-layout-flex wp-container-core-columns-is-layout-28f84493 wp-block-columns-is-layout-flex\">\n<div class=\"wp-block-column is-layout-flow wp-block-column-is-layout-flow\" style=\"flex-basis:16.67%\">\n<figure class=\"wp-block-image size-full\"><img loading=\"lazy\" decoding=\"async\" width=\"576\" height=\"1024\" src=\"http:\/\/www.heartside.fr\/wp-content\/uploads\/2025\/02\/20200729_104331-rotated-1.webp\" alt=\"\" class=\"wp-image-124\" srcset=\"https:\/\/www.heartside.fr\/wp-content\/uploads\/2025\/02\/20200729_104331-rotated-1.webp 576w, https:\/\/www.heartside.fr\/wp-content\/uploads\/2025\/02\/20200729_104331-rotated-1-169x300.webp 169w\" sizes=\"auto, (max-width: 576px) 100vw, 576px\" \/><\/figure>\n<\/div>\n\n\n\n<div class=\"wp-block-column is-layout-flow wp-block-column-is-layout-flow\" style=\"flex-basis:16.67%\">\n<figure class=\"wp-block-image size-full\"><img loading=\"lazy\" decoding=\"async\" width=\"576\" height=\"1024\" src=\"http:\/\/www.heartside.fr\/wp-content\/uploads\/2025\/02\/20200729_103216-rotated-1.webp\" alt=\"\" class=\"wp-image-119\" srcset=\"https:\/\/www.heartside.fr\/wp-content\/uploads\/2025\/02\/20200729_103216-rotated-1.webp 576w, https:\/\/www.heartside.fr\/wp-content\/uploads\/2025\/02\/20200729_103216-rotated-1-169x300.webp 169w\" sizes=\"auto, (max-width: 576px) 100vw, 576px\" \/><\/figure>\n<\/div>\n\n\n\n<div class=\"wp-block-column is-layout-flow wp-block-column-is-layout-flow\" style=\"flex-basis:16.67%\">\n<figure class=\"wp-block-image size-full\"><img loading=\"lazy\" decoding=\"async\" width=\"576\" height=\"1024\" src=\"http:\/\/www.heartside.fr\/wp-content\/uploads\/2025\/02\/20200729_103250-rotated-1.webp\" alt=\"\" class=\"wp-image-120\" srcset=\"https:\/\/www.heartside.fr\/wp-content\/uploads\/2025\/02\/20200729_103250-rotated-1.webp 576w, https:\/\/www.heartside.fr\/wp-content\/uploads\/2025\/02\/20200729_103250-rotated-1-169x300.webp 169w\" sizes=\"auto, (max-width: 576px) 100vw, 576px\" \/><\/figure>\n<\/div>\n\n\n\n<div class=\"wp-block-column is-layout-flow wp-block-column-is-layout-flow\" style=\"flex-basis:16.67%\">\n<figure class=\"wp-block-image size-full\"><img loading=\"lazy\" decoding=\"async\" width=\"576\" height=\"1024\" src=\"http:\/\/www.heartside.fr\/wp-content\/uploads\/2025\/02\/20200729_103413-rotated-1.webp\" alt=\"\" class=\"wp-image-121\" srcset=\"https:\/\/www.heartside.fr\/wp-content\/uploads\/2025\/02\/20200729_103413-rotated-1.webp 576w, https:\/\/www.heartside.fr\/wp-content\/uploads\/2025\/02\/20200729_103413-rotated-1-169x300.webp 169w\" sizes=\"auto, (max-width: 576px) 100vw, 576px\" \/><\/figure>\n<\/div>\n\n\n\n<div class=\"wp-block-column is-layout-flow wp-block-column-is-layout-flow\" style=\"flex-basis:16.67%\">\n<figure class=\"wp-block-image size-full\"><img loading=\"lazy\" decoding=\"async\" width=\"576\" height=\"1024\" src=\"https:\/\/www.heartside.fr\/wp-content\/uploads\/2025\/02\/20200729_103539-rotated-1.webp\" alt=\"\" class=\"wp-image-122\" srcset=\"https:\/\/www.heartside.fr\/wp-content\/uploads\/2025\/02\/20200729_103539-rotated-1.webp 576w, https:\/\/www.heartside.fr\/wp-content\/uploads\/2025\/02\/20200729_103539-rotated-1-169x300.webp 169w\" sizes=\"auto, (max-width: 576px) 100vw, 576px\" \/><\/figure>\n<\/div>\n\n\n\n<div class=\"wp-block-column is-layout-flow wp-block-column-is-layout-flow\" style=\"flex-basis:16.67%\">\n<figure class=\"wp-block-image size-full\"><img loading=\"lazy\" decoding=\"async\" width=\"576\" height=\"1024\" src=\"https:\/\/www.heartside.fr\/wp-content\/uploads\/2025\/02\/20200729_103640-rotated-1.webp\" alt=\"\" class=\"wp-image-123\" srcset=\"https:\/\/www.heartside.fr\/wp-content\/uploads\/2025\/02\/20200729_103640-rotated-1.webp 576w, https:\/\/www.heartside.fr\/wp-content\/uploads\/2025\/02\/20200729_103640-rotated-1-169x300.webp 169w\" sizes=\"auto, (max-width: 576px) 100vw, 576px\" \/><\/figure>\n<\/div>\n<\/div>\n<\/div>\n\n\n\n<div class=\"wp-block-group alignfull has-base-background-color has-background has-global-padding is-layout-constrained wp-container-core-group-is-layout-d89aad35 wp-block-group-is-layout-constrained\" style=\"margin-top:0;margin-bottom:0;padding-top:var(--wp--preset--spacing--50);padding-right:var(--wp--preset--spacing--50);padding-bottom:var(--wp--preset--spacing--50);padding-left:var(--wp--preset--spacing--50)\">\n<div class=\"wp-block-columns alignwide is-layout-flex wp-container-core-columns-is-layout-549b0c86 wp-block-columns-is-layout-flex\">\n<div class=\"wp-block-column has-global-padding is-content-justification-left is-layout-constrained wp-container-core-column-is-layout-4f15e8fe wp-block-column-is-layout-constrained\" style=\"flex-basis:40%\">\n<p>Une nouvelle mati\u00e8re d&#8217;observer la personnalisation.<\/p>\n<\/div>\n\n\n\n<div class=\"wp-block-column is-layout-flow wp-container-core-column-is-layout-119bc444 wp-block-column-is-layout-flow\" style=\"flex-basis:60%\">\n<p class=\"has-heading-font-family has-x-large-font-size\" style=\"line-height:1.2\">Heartside a expos\u00e9 dans des Salons Internationaux d&#8217;Art Contemporain.<\/p>\n\n\n\n<div class=\"wp-block-columns is-layout-flex wp-container-core-columns-is-layout-87beb0d0 wp-block-columns-is-layout-flex\">\n<div class=\"wp-block-column is-layout-flow wp-block-column-is-layout-flow\">\n<p class=\"wp-container-content-9cfa9a5a\">Heartside, initialement proposait de personnaliser les \u0153uvres artistiques en recolorant et adaptant les couleurs a un environnement choisi.<\/p>\n<\/div>\n\n\n\n<div class=\"wp-block-column is-layout-flow wp-block-column-is-layout-flow\">\n<p>En 2020, Heartside personnalisait ses \u0153uvres d&#8217;Art en adaptant la couleur manuellement gr\u00e2ce \u00e0 des logiciels du commerce. L&#8217;op\u00e9ration \u00e9tait longue et n\u00e9cessitait plusieurs \u00e9changes avec le client final.<\/p>\n<\/div>\n<\/div>\n<\/div>\n<\/div>\n<\/div>\n\n\n\n<div class=\"wp-block-group alignfull has-accent-5-background-color has-background has-global-padding is-layout-constrained wp-container-core-group-is-layout-d89aad35 wp-block-group-is-layout-constrained\" style=\"margin-top:0;margin-bottom:0;padding-top:var(--wp--preset--spacing--50);padding-right:var(--wp--preset--spacing--50);padding-bottom:var(--wp--preset--spacing--50);padding-left:var(--wp--preset--spacing--50)\">\n<div class=\"wp-block-columns alignwide is-layout-flex wp-container-core-columns-is-layout-1da03c2a wp-block-columns-is-layout-flex\">\n<div class=\"wp-block-column is-vertically-aligned-center is-layout-flow wp-block-column-is-layout-flow\" style=\"flex-basis:60%\">\n<figure class=\"wp-block-image size-full is-style-rounded wp-duotone-unset-3 is-style-rounded--2\"><img loading=\"lazy\" decoding=\"async\" width=\"1024\" height=\"768\" src=\"https:\/\/www.heartside.fr\/wp-content\/uploads\/2025\/02\/20200131_161328.webp\" alt=\"\" class=\"wp-image-125\" style=\"aspect-ratio:4\/3;object-fit:cover\" srcset=\"https:\/\/www.heartside.fr\/wp-content\/uploads\/2025\/02\/20200131_161328.webp 1024w, https:\/\/www.heartside.fr\/wp-content\/uploads\/2025\/02\/20200131_161328-300x225.webp 300w, https:\/\/www.heartside.fr\/wp-content\/uploads\/2025\/02\/20200131_161328-768x576.webp 768w\" sizes=\"auto, (max-width: 1024px) 100vw, 1024px\" \/><\/figure>\n<\/div>\n\n\n\n<div class=\"wp-block-column is-layout-flow wp-block-column-is-layout-flow\" style=\"flex-basis:40%\">\n<h2 class=\"wp-block-heading\">Salons Art3F en 2019-2020<\/h2>\n\n\n\n<p>Heartside a expos\u00e9 lors de plusieurs salons \u00e0 Paris et en province pour pr\u00e9senter son nouveau concept artistique.<\/p>\n\n\n\n<div class=\"wp-block-buttons is-layout-flex wp-block-buttons-is-layout-flex\">\n<div class=\"wp-block-button\"><a class=\"wp-block-button__link wp-element-button\">Nos services<\/a><\/div>\n<\/div>\n<\/div>\n<\/div>\n\n\n\n<div class=\"wp-block-columns is-layout-flex wp-container-core-columns-is-layout-28f84493 wp-block-columns-is-layout-flex\">\n<div class=\"wp-block-column is-layout-flow wp-block-column-is-layout-flow\">\n<figure class=\"wp-block-image size-full\"><img loading=\"lazy\" decoding=\"async\" width=\"1024\" height=\"768\" src=\"https:\/\/www.heartside.fr\/wp-content\/uploads\/2025\/02\/20200131_161406.webp\" alt=\"\" class=\"wp-image-126\" srcset=\"https:\/\/www.heartside.fr\/wp-content\/uploads\/2025\/02\/20200131_161406.webp 1024w, https:\/\/www.heartside.fr\/wp-content\/uploads\/2025\/02\/20200131_161406-300x225.webp 300w, https:\/\/www.heartside.fr\/wp-content\/uploads\/2025\/02\/20200131_161406-768x576.webp 768w\" sizes=\"auto, (max-width: 1024px) 100vw, 1024px\" \/><\/figure>\n<\/div>\n\n\n\n<div class=\"wp-block-column is-layout-flow wp-block-column-is-layout-flow\">\n<figure class=\"wp-block-image size-large\"><img loading=\"lazy\" decoding=\"async\" width=\"1024\" height=\"768\" src=\"https:\/\/www.heartside.fr\/wp-content\/uploads\/2025\/02\/20190201_140018-1024x768.jpg\" alt=\"\" class=\"wp-image-127\" srcset=\"https:\/\/www.heartside.fr\/wp-content\/uploads\/2025\/02\/20190201_140018-1024x768.jpg 1024w, https:\/\/www.heartside.fr\/wp-content\/uploads\/2025\/02\/20190201_140018-300x225.jpg 300w, https:\/\/www.heartside.fr\/wp-content\/uploads\/2025\/02\/20190201_140018-768x576.jpg 768w, https:\/\/www.heartside.fr\/wp-content\/uploads\/2025\/02\/20190201_140018-1536x1152.jpg 1536w, https:\/\/www.heartside.fr\/wp-content\/uploads\/2025\/02\/20190201_140018-2048x1536.jpg 2048w\" sizes=\"auto, (max-width: 1024px) 100vw, 1024px\" \/><\/figure>\n<\/div>\n<\/div>\n<\/div>\n\n\n\n<div class=\"wp-block-group alignfull has-global-padding is-layout-constrained wp-container-core-group-is-layout-669513ed wp-block-group-is-layout-constrained\" style=\"margin-top:0;margin-bottom:0;padding-top:var(--wp--preset--spacing--50);padding-right:var(--wp--preset--spacing--50);padding-bottom:var(--wp--preset--spacing--50);padding-left:var(--wp--preset--spacing--50)\">\n<div class=\"wp-block-group is-vertical is-content-justification-center is-layout-flex wp-container-core-group-is-layout-ce155fab wp-block-group-is-layout-flex\">\n<h2 class=\"wp-block-heading has-text-align-center has-xx-large-font-size\">La Premi\u00e8re galerie d&#8217;Art qui nous a fait confiance<\/h2>\n\n\n\n<p class=\"has-text-align-center\"><strong>Depuis d\u00e9but Ao\u00fbt, l\u2019exposition se trouve dans la Galerie Imagine, Rue du Parlement Sainte-Catherine, \u00e0 Bordeaux. Merci \u00e0 Mr Masson pour m\u2019avoir ouvert ses portes et \u00e0 son premier acqu\u00e9reur pour sa confiance et son int\u00e9r\u00eat<\/strong> <strong>(2018).<\/strong><\/p>\n\n\n\n<div class=\"wp-block-columns is-layout-flex wp-container-core-columns-is-layout-28f84493 wp-block-columns-is-layout-flex\">\n<div class=\"wp-block-column is-layout-flow wp-block-column-is-layout-flow\" style=\"flex-basis:50%\">\n<figure class=\"wp-block-image size-full\"><img loading=\"lazy\" decoding=\"async\" width=\"330\" height=\"219\" src=\"https:\/\/www.heartside.fr\/wp-content\/uploads\/2025\/02\/dscf6648.webp\" alt=\"\" class=\"wp-image-128\" srcset=\"https:\/\/www.heartside.fr\/wp-content\/uploads\/2025\/02\/dscf6648.webp 330w, https:\/\/www.heartside.fr\/wp-content\/uploads\/2025\/02\/dscf6648-300x199.webp 300w\" sizes=\"auto, (max-width: 330px) 100vw, 330px\" \/><\/figure>\n<\/div>\n\n\n\n<div class=\"wp-block-column is-layout-flow wp-block-column-is-layout-flow\" style=\"flex-basis:50%\">\n<figure class=\"wp-block-image size-full\"><img loading=\"lazy\" decoding=\"async\" width=\"2560\" height=\"1700\" src=\"https:\/\/www.heartside.fr\/wp-content\/uploads\/2025\/02\/dscf6864-scaled.webp\" alt=\"\" class=\"wp-image-129\" srcset=\"https:\/\/www.heartside.fr\/wp-content\/uploads\/2025\/02\/dscf6864-scaled.webp 2560w, https:\/\/www.heartside.fr\/wp-content\/uploads\/2025\/02\/dscf6864-300x199.webp 300w, https:\/\/www.heartside.fr\/wp-content\/uploads\/2025\/02\/dscf6864-1024x680.webp 1024w, https:\/\/www.heartside.fr\/wp-content\/uploads\/2025\/02\/dscf6864-768x510.webp 768w, https:\/\/www.heartside.fr\/wp-content\/uploads\/2025\/02\/dscf6864-1536x1020.webp 1536w, https:\/\/www.heartside.fr\/wp-content\/uploads\/2025\/02\/dscf6864-2048x1360.webp 2048w\" sizes=\"auto, (max-width: 2560px) 100vw, 2560px\" \/><\/figure>\n<\/div>\n<\/div>\n<\/div>\n\n\n\n<div style=\"height:var(--wp--preset--spacing--30)\" aria-hidden=\"true\" class=\"wp-block-spacer\"><\/div>\n<\/div>\n\n\n\n<div class=\"wp-block-group alignfull has-base-color has-contrast-background-color has-text-color has-background has-link-color wp-elements-f2dd8f5c197c0ff3c092733444324f43 has-global-padding is-layout-constrained wp-container-core-group-is-layout-d89aad35 wp-block-group-is-layout-constrained\" style=\"margin-top:0;margin-bottom:0;padding-top:var(--wp--preset--spacing--50);padding-right:var(--wp--preset--spacing--50);padding-bottom:var(--wp--preset--spacing--50);padding-left:var(--wp--preset--spacing--50)\">\n<figure class=\"wp-block-image size-full\"><img loading=\"lazy\" decoding=\"async\" width=\"480\" height=\"433\" src=\"http:\/\/www.heartside.fr\/wp-content\/uploads\/2025\/02\/10172833_772133032821466_8434828561780625363_n.webp\" alt=\"\" class=\"wp-image-131\" srcset=\"https:\/\/www.heartside.fr\/wp-content\/uploads\/2025\/02\/10172833_772133032821466_8434828561780625363_n.webp 480w, https:\/\/www.heartside.fr\/wp-content\/uploads\/2025\/02\/10172833_772133032821466_8434828561780625363_n-300x271.webp 300w\" sizes=\"auto, (max-width: 480px) 100vw, 480px\" \/><\/figure>\n\n\n\n<details class=\"wp-block-details is-layout-flow wp-block-details-is-layout-flow\"><summary>Les premi\u00e8res expositions, les premiers \u00e9changes avec les clients (2014-2016).<\/summary>\n<p><\/p>\n<\/details>\n<\/div>\n\n\n\n<div class=\"wp-block-group alignfull has-global-padding is-layout-constrained wp-container-core-group-is-layout-d89aad35 wp-block-group-is-layout-constrained\" style=\"margin-top:0;margin-bottom:0;padding-top:var(--wp--preset--spacing--50);padding-right:var(--wp--preset--spacing--50);padding-bottom:var(--wp--preset--spacing--50);padding-left:var(--wp--preset--spacing--50)\">\n<div class=\"wp-block-columns alignwide are-vertically-aligned-center is-layout-flex wp-container-core-columns-is-layout-47c06fe3 wp-block-columns-is-layout-flex\">\n<div class=\"wp-block-column is-vertically-aligned-center is-layout-flow wp-block-column-is-layout-flow\" style=\"flex-basis:50%\">\n<h2 class=\"wp-block-heading\">LE R\u00caVE&nbsp;\u00bb &#8211; Jean David FARR\u00c9 Exposition photographique<\/h2>\n\n\n\n<p>26 mai 2016 :&nbsp;<strong><a href=\"http:\/\/www.bordeaux-gazette.com\/_marie-laure-bousquet_.html\">Marie-Laure Bousquet Moison<\/a>&nbsp;&nbsp;pour Bordeaux Gazette.com&nbsp;<\/strong><\/p>\n\n\n\n<p><strong>Depuis le 22 mai, il est possible de d\u00e9couvrir en face du parvis de l\u2019\u00e9glise Sainte Croix dans un petit restaurant-bar tapas le bien nomm\u00e9 \u00ab&nbsp;tapa\u2019l\u2019\u0153il&nbsp;\u00bb, l\u2019exposition de quelques photographies de l\u2019artiste bordelais Jean David Farr\u00e9.<\/strong><\/p>\n\n\n\n<p>Ce lieu intimiste et convivial accueille pendant un mois les \u0153uvres de ce photographe atypique. En effet, son inventivit\u00e9 ne s\u2019arr\u00eate pas aux choix de ses sujets et \u00e0 son regard particulier sur le monde, il est aussi le cr\u00e9ateur d\u2019un nouveau mouvement qui se caract\u00e9rise par des photos positives sur Plexiglas r\u00e9alis\u00e9es par un proc\u00e9d\u00e9 de recoloration : l\u2019Optinegarting .<br>Le r\u00e9sultat \u00e9tonnant fascine le spectateur. Les couleurs nous sont livr\u00e9s comme per\u00e7us \u00e0 travers les yeux d\u2019un extra-terrestre qui pourrait appr\u00e9hender des nuances que l\u2019\u0153il humain ne serait pas capable de saisir tant elles \u00e9clatent \u00e2prement.<br>Lors de ces nombreux voyages, Jean David capte l\u2019\u00e9ternit\u00e9 des paysages qu\u2019il m\u00e9tamorphose, changeant le sable des d\u00e9serts en contr\u00e9es arctiques et les pics montagneux en coul\u00e9es pourpres abstraites. &nbsp; &nbsp; &nbsp; &nbsp; &nbsp; &nbsp; &nbsp; &nbsp; &nbsp; &nbsp; &nbsp; &nbsp; &nbsp; &nbsp; &nbsp; <\/p>\n\n\n\n<p>Dans l\u2019instant se r\u00e9v\u00e8le l\u2019humanit\u00e9, avec la photographie du mur de Berlin, la pierre tagu\u00e9e apparait dans une lumi\u00e8re hallucin\u00e9e contempl\u00e9e par la silhouette d\u2019une femme comme incluse dans le mur m\u00eame.<br>D\u2019une rue d\u2019Afrique du Nord aux couleurs impressionnistes surgit un visage g\u00e9ant de femme pensive, peinte sur un b\u00e2timent. Elle fixe de son regard \u00e9trange le spectateur, et les promeneurs qui semblent filer sous ses yeux induisent une sensation de mouvement o\u00f9 le paysage se confond avec l\u2019humain. D\u2019une rue de Tokyo on en per\u00e7oit le graphisme g\u00e9om\u00e9trique, d\u00e9pouill\u00e9 d\u2019exotisme, dans une aura de blancheur qui \u00e9crase les passants au profit du gigantisme des tours japonaises. Toutes ces photos nous invitent \u00e0 r\u00eaver la vie autrement.<\/p>\n\n\n\n<p>Tapa\u2019l\u2019\u0153il&nbsp;: 14 place Renaudel<br>Bordeaux 33800<\/p>\n\n\n\n<p><strong><a href=\"http:\/\/www.bordeaux-gazette.com\/_marie-laure-bousquet_.html\">Marie-Laure Bousquet Moison<\/a><\/strong><\/p>\n\n\n\n<div class=\"wp-block-buttons is-layout-flex wp-block-buttons-is-layout-flex\">\n<div class=\"wp-block-button\"><a class=\"wp-block-button__link wp-element-button\">T\u00e9l\u00e9chargez l\u2019application<\/a><\/div>\n\n\n\n<div class=\"wp-block-button is-style-outline is-style-outline--4\"><a class=\"wp-block-button__link wp-element-button\">Fonctionnement<\/a><\/div>\n<\/div>\n\n\n\n<figure class=\"wp-block-image size-full is-style-rounded is-style-rounded--5\"><img loading=\"lazy\" decoding=\"async\" width=\"650\" height=\"434\" src=\"https:\/\/www.heartside.fr\/wp-content\/uploads\/2025\/02\/expo-jean-david-052-e2fcf.webp\" alt=\"\" class=\"wp-image-130\" style=\"aspect-ratio:4\/3;object-fit:cover\" srcset=\"https:\/\/www.heartside.fr\/wp-content\/uploads\/2025\/02\/expo-jean-david-052-e2fcf.webp 650w, https:\/\/www.heartside.fr\/wp-content\/uploads\/2025\/02\/expo-jean-david-052-e2fcf-300x200.webp 300w\" sizes=\"auto, (max-width: 650px) 100vw, 650px\" \/><\/figure>\n<\/div>\n<\/div>\n<\/div>\n","protected":false},"excerpt":{"rendered":"<p>Avant l&#8217;int\u00e9gration d&#8217;Intelligences Artificielles dans un monde virtuel (web3). Exposition(s). L&#8217;ATELIER CAPIFRANCE (BORDEAUX)- 03-07\/2020 Nous avons d\u00e9cor\u00e9 ce lieu en assortissant les couleurs de nos cr\u00e9ations artistiques aux couleurs du mobilier ainsi des \u00e9l\u00e9ments d\u00e9coratifs. Une nouvelle mati\u00e8re d&#8217;observer la personnalisation. Heartside a expos\u00e9 dans des Salons Internationaux d&#8217;Art Contemporain. Heartside, initialement proposait de personnaliser [&hellip;]<\/p>\n","protected":false},"author":1,"featured_media":178,"parent":0,"menu_order":0,"comment_status":"closed","ping_status":"closed","template":"","meta":{"footnotes":""},"class_list":["post-116","page","type-page","status-publish","has-post-thumbnail","hentry"],"_links":{"self":[{"href":"https:\/\/www.heartside.fr\/index.php\/wp-json\/wp\/v2\/pages\/116","targetHints":{"allow":["GET"]}}],"collection":[{"href":"https:\/\/www.heartside.fr\/index.php\/wp-json\/wp\/v2\/pages"}],"about":[{"href":"https:\/\/www.heartside.fr\/index.php\/wp-json\/wp\/v2\/types\/page"}],"author":[{"embeddable":true,"href":"https:\/\/www.heartside.fr\/index.php\/wp-json\/wp\/v2\/users\/1"}],"replies":[{"embeddable":true,"href":"https:\/\/www.heartside.fr\/index.php\/wp-json\/wp\/v2\/comments?post=116"}],"version-history":[{"count":6,"href":"https:\/\/www.heartside.fr\/index.php\/wp-json\/wp\/v2\/pages\/116\/revisions"}],"predecessor-version":[{"id":274,"href":"https:\/\/www.heartside.fr\/index.php\/wp-json\/wp\/v2\/pages\/116\/revisions\/274"}],"wp:featuredmedia":[{"embeddable":true,"href":"https:\/\/www.heartside.fr\/index.php\/wp-json\/wp\/v2\/media\/178"}],"wp:attachment":[{"href":"https:\/\/www.heartside.fr\/index.php\/wp-json\/wp\/v2\/media?parent=116"}],"curies":[{"name":"wp","href":"https:\/\/api.w.org\/{rel}","templated":true}]}}